{"id":354,"date":"2020-12-09T09:37:34","date_gmt":"2020-12-09T08:37:34","guid":{"rendered":"https:\/\/cfai-bziv.ch\/?page_id=354"},"modified":"2025-05-26T14:27:54","modified_gmt":"2025-05-26T12:27:54","slug":"kontakt","status":"publish","type":"page","link":"https:\/\/cfai-bziv.ch\/de\/kontakt\/","title":{"rendered":"Kontakt"},"content":{"rendered":"<div class=\"wpb-content-wrapper\"><p>[vc_row row_height_percent=&#8220;0&#8243; override_padding=&#8220;yes&#8220; h_padding=&#8220;2&#8243; top_padding=&#8220;3&#8243; bottom_padding=&#8220;0&#8243; overlay_alpha=&#8220;50&#8243; gutter_size=&#8220;3&#8243; column_width_percent=&#8220;100&#8243; shift_y=&#8220;0&#8243; z_index=&#8220;0&#8243;][vc_column column_width_percent=&#8220;100&#8243; position_horizontal=&#8220;left&#8220; gutter_size=&#8220;3&#8243; overlay_alpha=&#8220;50&#8243; shift_x=&#8220;0&#8243; shift_y=&#8220;0&#8243; shift_y_down=&#8220;0&#8243; z_index=&#8220;0&#8243; medium_width=&#8220;0&#8243; mobile_width=&#8220;0&#8243; width=&#8220;1\/1&#8243;][vc_custom_heading heading_semantic=&#8220;h1&#8243; text_size=&#8220;h1&#8243;]<span class=\"heading-text-highlight \" data-atts='{\"bg\":\"style-accent-bg\",\"height\":\"10%\",\"offset\":\"0.1em\",\"opacity\":\"1\",\"animated\":\"yes\"}'>Kontakt<\/span>[\/vc_custom_heading][\/vc_column][\/vc_row][vc_row row_height_percent=&#8220;0&#8243; override_padding=&#8220;yes&#8220; h_padding=&#8220;0&#8243; top_padding=&#8220;2&#8243; bottom_padding=&#8220;0&#8243; overlay_alpha=&#8220;50&#8243; gutter_size=&#8220;3&#8243; column_width_percent=&#8220;100&#8243; shift_y=&#8220;0&#8243; z_index=&#8220;10&#8243;][vc_column column_width_percent=&#8220;100&#8243; gutter_size=&#8220;3&#8243; override_padding=&#8220;yes&#8220; column_padding=&#8220;2&#8243; overlay_alpha=&#8220;50&#8243; shift_x=&#8220;0&#8243; shift_y=&#8220;0&#8243; shift_y_down=&#8220;0&#8243; z_index=&#8220;0&#8243; medium_width=&#8220;0&#8243; mobile_width=&#8220;0&#8243; radius=&#8220;sm&#8220; shadow=&#8220;std&#8220; width=&#8220;1\/2&#8243;]\n<div class=\"wpcf7 no-js\" id=\"wpcf7-f652-o1\" lang=\"fr-FR\" dir=\"ltr\" data-wpcf7-id=\"652\">\n<div class=\"screen-reader-response\"><p role=\"status\" aria-live=\"polite\" aria-atomic=\"true\"><\/p> <ul><\/ul><\/div>\n<form action=\"\/de\/wp-json\/wp\/v2\/pages\/354#wpcf7-f652-o1\" method=\"post\" class=\"wpcf7-form init\" aria-label=\"Formulaire de contact\" novalidate=\"novalidate\" data-status=\"init\">\n<fieldset class=\"hidden-fields-container\"><input type=\"hidden\" name=\"_wpcf7\" value=\"652\" \/><input type=\"hidden\" name=\"_wpcf7_version\" value=\"6.1.5\" \/><input type=\"hidden\" name=\"_wpcf7_locale\" value=\"fr_FR\" \/><input type=\"hidden\" name=\"_wpcf7_unit_tag\" value=\"wpcf7-f652-o1\" \/><input type=\"hidden\" name=\"_wpcf7_container_post\" value=\"0\" \/><input type=\"hidden\" name=\"_wpcf7_posted_data_hash\" value=\"\" \/>\n<\/fieldset>\n<p><span class=\"wpcf7-form-control-wrap\" data-name=\"your-fullname\"><input size=\"40\" maxlength=\"400\" class=\"wpcf7-form-control wpcf7-text wpcf7-validates-as-required form-fluid\" aria-required=\"true\" aria-invalid=\"false\" placeholder=\"Name, Vorname\" value=\"\" type=\"text\" name=\"your-fullname\" \/><\/span>\n<\/p>\n<div class=\"wpcf7-inline-wrapper\">\n\t<p class=\"wpcf7-inline-field\"><span class=\"wpcf7-form-control-wrap\" data-name=\"your-email\"><input size=\"40\" maxlength=\"400\" class=\"wpcf7-form-control wpcf7-email wpcf7-validates-as-required wpcf7-text wpcf7-validates-as-email\" aria-required=\"true\" aria-invalid=\"false\" placeholder=\"Email\" value=\"\" type=\"email\" name=\"your-email\" \/><\/span>\n\t<\/p>\n\t<p class=\"wpcf7-inline-field\"><span class=\"wpcf7-form-control-wrap\" data-name=\"your-telephone\"><input size=\"40\" maxlength=\"400\" class=\"wpcf7-form-control wpcf7-text form-fluid\" aria-invalid=\"false\" placeholder=\"Telefon\" value=\"\" type=\"text\" name=\"your-telephone\" \/><\/span>\n\t<\/p>\n<\/div>\n<p><span class=\"wpcf7-form-control-wrap\" data-name=\"your-message\"><textarea cols=\"40\" rows=\"8\" maxlength=\"2000\" class=\"wpcf7-form-control wpcf7-textarea\" aria-invalid=\"false\" placeholder=\"Nachricht\" name=\"your-message\"><\/textarea><\/span>\n<\/p>\n<p><span class=\"wpcf7-form-control-wrap\" data-name=\"menu-640\"><select class=\"wpcf7-form-control wpcf7-select wpcf7-validates-as-required\" aria-required=\"true\" aria-invalid=\"false\" name=\"menu-640\"><option value=\"Allgemeine Frage\">Allgemeine Frage<\/option><option value=\"Anfrage nach einem Angebot f\u00fcr einen firmeninternen Kurs\">Anfrage nach einem Angebot f\u00fcr einen firmeninternen Kurs<\/option><option value=\"Kontaktanfrage\">Kontaktanfrage<\/option><option value=\"Anregung\">Anregung<\/option><option value=\"Anspruch\">Anspruch<\/option><option value=\"Andere\">Andere<\/option><\/select><\/span>\n<\/p>\n<div id=\"cf7sr-69f3fc0408115\" class=\"cf7sr-g-recaptcha\" data-theme=\"light\" data-type=\"image\" data-size=\"normal\" data-sitekey=\"6LfO_z0cAAAAAC2iYG5KWOMHgJaZJnbygsy64xnD\"><\/div><span class=\"wpcf7-form-control-wrap cf7sr-recaptcha\" data-name=\"cf7sr-recaptcha\"><input type=\"hidden\" name=\"cf7sr-recaptcha\" value=\"\" class=\"wpcf7-form-control\"><\/span>\n<\/p>\n<p><input class=\"wpcf7-form-control wpcf7-submit has-spinner btn btn-block btn-flat btn-accent\" type=\"submit\" value=\"Senden\" \/>\n<\/p><div class=\"wpcf7-response-output\" aria-hidden=\"true\"><\/div>\n<\/form>\n<\/div>\n[\/vc_column][vc_column column_width_percent=&#8220;100&#8243; gutter_size=&#8220;2&#8243; override_padding=&#8220;yes&#8220; column_padding=&#8220;2&#8243; overlay_alpha=&#8220;50&#8243; shift_x=&#8220;0&#8243; shift_y=&#8220;0&#8243; shift_y_down=&#8220;0&#8243; z_index=&#8220;0&#8243; medium_width=&#8220;0&#8243; mobile_width=&#8220;0&#8243; width=&#8220;1\/2&#8243;][vc_empty_space empty_h=&#8220;1&#8243;][vc_custom_heading heading_semantic=&#8220;h3&#8243; text_size=&#8220;h3&#8243;]Unsere Kontaktdaten[\/vc_custom_heading][vc_column_text uncode_shortcode_id=&#8220;108051&#8243;]Bildungszentrum IV<br \/>\nAvenue G\u00e9n\u00e9ral-Guisan 8<br \/>\n1800 Vevey<\/p>\n<p>E-Mail: <a href=\"mailto:info@cfai-bziv.ch\">info@cfai-bziv.ch<\/a><br \/>\n<a href=\"https:\/\/goo.gl\/maps\/MXRmy54t1gXGtt2v7\" target=\"_blank\" rel=\"noopener\">Ansicht auf Google Map<\/a>[\/vc_column_text][vc_custom_heading heading_semantic=&#8220;h3&#8243; text_size=&#8220;h3&#8243; uncode_shortcode_id=&#8220;815837&#8243;]Telefonzentrale[\/vc_custom_heading][vc_column_text uncode_shortcode_id=&#8220;921746&#8243;]<strong>Montag bis Freitag<\/strong><br \/>\n8.00 bis 12.00 Uhr<br \/>\n13.30 bis 16.30 Uhr<\/p>\n<p><strong>Telefon<\/strong><br \/>\n058 332 22 50[\/vc_column_text][\/vc_column][\/vc_row][vc_row row_height_percent=&#8220;0&#8243; override_padding=&#8220;yes&#8220; h_padding=&#8220;2&#8243; top_padding=&#8220;0&#8243; bottom_padding=&#8220;0&#8243; overlay_alpha=&#8220;50&#8243; gutter_size=&#8220;4&#8243; column_width_percent=&#8220;100&#8243; shift_y=&#8220;-5&#8243; z_index=&#8220;0&#8243;][vc_column column_width_percent=&#8220;100&#8243; gutter_size=&#8220;3&#8243; override_padding=&#8220;yes&#8220; column_padding=&#8220;2&#8243; overlay_alpha=&#8220;50&#8243; shift_x=&#8220;0&#8243; shift_y=&#8220;0&#8243; shift_y_down=&#8220;0&#8243; z_index=&#8220;0&#8243; medium_visibility=&#8220;yes&#8220; medium_width=&#8220;0&#8243; mobile_visibility=&#8220;yes&#8220; mobile_width=&#8220;0&#8243; width=&#8220;1\/2&#8243;][\/vc_column][vc_column column_width_percent=&#8220;100&#8243; gutter_size=&#8220;2&#8243; overlay_alpha=&#8220;50&#8243; shift_x=&#8220;0&#8243; shift_y=&#8220;0&#8243; shift_y_down=&#8220;0&#8243; z_index=&#8220;0&#8243; medium_width=&#8220;0&#8243; mobile_width=&#8220;0&#8243; width=&#8220;1\/2&#8243;][vc_empty_space empty_h=&#8220;2&#8243; desktop_visibility=&#8220;yes&#8220;][vc_single_image media=&#8220;601&#8243; media_width_percent=&#8220;50&#8243; alignment=&#8220;center&#8220;][\/vc_column][\/vc_row]<\/p>\n<\/div>","protected":false},"excerpt":{"rendered":"<p>[vc_row row_height_percent=&#8220;0&#8243; override_padding=&#8220;yes&#8220; h_padding=&#8220;2&#8243; top_padding=&#8220;3&#8243; bottom_padding=&#8220;0&#8243; overlay_alpha=&#8220;50&#8243; gutter_size=&#8220;3&#8243; column_width_percent=&#8220;100&#8243; shift_y=&#8220;0&#8243; z_index=&#8220;0&#8243;][vc_column column_width_percent=&#8220;100&#8243; position_horizontal=&#8220;left&#8220; gutter_size=&#8220;3&#8243; overlay_alpha=&#8220;50&#8243; shift_x=&#8220;0&#8243; shift_y=&#8220;0&#8243; shift_y_down=&#8220;0&#8243; z_index=&#8220;0&#8243; medium_width=&#8220;0&#8243; [&hellip;]<\/p>\n","protected":false},"author":2,"featured_media":0,"parent":0,"menu_order":0,"comment_status":"closed","ping_status":"closed","template":"","meta":{"footnotes":""},"class_list":["post-354","page","type-page","status-publish","hentry","page_category-contact-2"],"yoast_head":"<!-- This site is optimized with the Yoast SEO plugin v27.5 - https:\/\/yoast.com\/product\/yoast-seo-wordpress\/ -->\n<title>Kontakt - Bildungszentrum IV (BZIV)<\/title>\n<meta name=\"description\" content=\"Um mit uns in Kontakt zu treten, haben Sie die Wahl, das untenstehende Formular auszuf\u00fcllen, uns eine E-Mail zu schicken oder uns anzurufen. Wir stehen Ihnen w\u00e4hrend der B\u00fcrozeiten zur Verf\u00fcgung.\" \/>\n<meta name=\"robots\" content=\"index, follow, max-snippet:-1, max-image-preview:large, max-video-preview:-1\" \/>\n<link rel=\"canonical\" href=\"https:\/\/cfai-bziv.ch\/de\/kontakt\/\" \/>\n<meta property=\"og:locale\" content=\"de_DE\" \/>\n<meta property=\"og:type\" content=\"article\" \/>\n<meta property=\"og:title\" content=\"Kontakt - Bildungszentrum IV (BZIV)\" \/>\n<meta property=\"og:description\" content=\"Um mit uns in Kontakt zu treten, haben Sie die Wahl, das untenstehende Formular auszuf\u00fcllen, uns eine E-Mail zu schicken oder uns anzurufen. Wir stehen Ihnen w\u00e4hrend der B\u00fcrozeiten zur Verf\u00fcgung.\" \/>\n<meta property=\"og:url\" content=\"https:\/\/cfai-bziv.ch\/de\/kontakt\/\" \/>\n<meta property=\"og:site_name\" content=\"Centre de formation AI\" \/>\n<meta property=\"article:modified_time\" content=\"2025-05-26T12:27:54+00:00\" \/>\n<meta name=\"twitter:card\" content=\"summary_large_image\" \/>\n<meta name=\"twitter:label1\" content=\"Gesch\u00e4tzte Lesezeit\" \/>\n\t<meta name=\"twitter:data1\" content=\"1\u00a0Minute\" \/>\n<script type=\"application\/ld+json\" class=\"yoast-schema-graph\">{\"@context\":\"https:\\\/\\\/schema.org\",\"@graph\":[{\"@type\":\"WebPage\",\"@id\":\"https:\\\/\\\/cfai-bziv.ch\\\/de\\\/kontakt\\\/\",\"url\":\"https:\\\/\\\/cfai-bziv.ch\\\/de\\\/kontakt\\\/\",\"name\":\"Kontakt - Bildungszentrum IV (BZIV)\",\"isPartOf\":{\"@id\":\"https:\\\/\\\/cfai-bziv.ch\\\/de\\\/#website\"},\"datePublished\":\"2020-12-09T08:37:34+00:00\",\"dateModified\":\"2025-05-26T12:27:54+00:00\",\"description\":\"Um mit uns in Kontakt zu treten, haben Sie die Wahl, das untenstehende Formular auszuf\u00fcllen, uns eine E-Mail zu schicken oder uns anzurufen. Wir stehen Ihnen w\u00e4hrend der B\u00fcrozeiten zur Verf\u00fcgung.\",\"breadcrumb\":{\"@id\":\"https:\\\/\\\/cfai-bziv.ch\\\/de\\\/kontakt\\\/#breadcrumb\"},\"inLanguage\":\"de\",\"potentialAction\":[{\"@type\":\"ReadAction\",\"target\":[\"https:\\\/\\\/cfai-bziv.ch\\\/de\\\/kontakt\\\/\"]}]},{\"@type\":\"BreadcrumbList\",\"@id\":\"https:\\\/\\\/cfai-bziv.ch\\\/de\\\/kontakt\\\/#breadcrumb\",\"itemListElement\":[{\"@type\":\"ListItem\",\"position\":1,\"name\":\"Accueil\",\"item\":\"https:\\\/\\\/cfai-bziv.ch\\\/de\\\/\"},{\"@type\":\"ListItem\",\"position\":2,\"name\":\"Kontakt\"}]},{\"@type\":\"WebSite\",\"@id\":\"https:\\\/\\\/cfai-bziv.ch\\\/de\\\/#website\",\"url\":\"https:\\\/\\\/cfai-bziv.ch\\\/de\\\/\",\"name\":\"Centre de formation AI\",\"description\":\"CFAI - BZIV\",\"potentialAction\":[{\"@type\":\"SearchAction\",\"target\":{\"@type\":\"EntryPoint\",\"urlTemplate\":\"https:\\\/\\\/cfai-bziv.ch\\\/de\\\/?s={search_term_string}\"},\"query-input\":{\"@type\":\"PropertyValueSpecification\",\"valueRequired\":true,\"valueName\":\"search_term_string\"}}],\"inLanguage\":\"de\"}]}<\/script>\n<!-- \/ Yoast SEO plugin. -->","yoast_head_json":{"title":"Kontakt - Bildungszentrum IV (BZIV)","description":"Um mit uns in Kontakt zu treten, haben Sie die Wahl, das untenstehende Formular auszuf\u00fcllen, uns eine E-Mail zu schicken oder uns anzurufen. Wir stehen Ihnen w\u00e4hrend der B\u00fcrozeiten zur Verf\u00fcgung.","robots":{"index":"index","follow":"follow","max-snippet":"max-snippet:-1","max-image-preview":"max-image-preview:large","max-video-preview":"max-video-preview:-1"},"canonical":"https:\/\/cfai-bziv.ch\/de\/kontakt\/","og_locale":"de_DE","og_type":"article","og_title":"Kontakt - Bildungszentrum IV (BZIV)","og_description":"Um mit uns in Kontakt zu treten, haben Sie die Wahl, das untenstehende Formular auszuf\u00fcllen, uns eine E-Mail zu schicken oder uns anzurufen. Wir stehen Ihnen w\u00e4hrend der B\u00fcrozeiten zur Verf\u00fcgung.","og_url":"https:\/\/cfai-bziv.ch\/de\/kontakt\/","og_site_name":"Centre de formation AI","article_modified_time":"2025-05-26T12:27:54+00:00","twitter_card":"summary_large_image","twitter_misc":{"Gesch\u00e4tzte Lesezeit":"1\u00a0Minute"},"schema":{"@context":"https:\/\/schema.org","@graph":[{"@type":"WebPage","@id":"https:\/\/cfai-bziv.ch\/de\/kontakt\/","url":"https:\/\/cfai-bziv.ch\/de\/kontakt\/","name":"Kontakt - Bildungszentrum IV (BZIV)","isPartOf":{"@id":"https:\/\/cfai-bziv.ch\/de\/#website"},"datePublished":"2020-12-09T08:37:34+00:00","dateModified":"2025-05-26T12:27:54+00:00","description":"Um mit uns in Kontakt zu treten, haben Sie die Wahl, das untenstehende Formular auszuf\u00fcllen, uns eine E-Mail zu schicken oder uns anzurufen. Wir stehen Ihnen w\u00e4hrend der B\u00fcrozeiten zur Verf\u00fcgung.","breadcrumb":{"@id":"https:\/\/cfai-bziv.ch\/de\/kontakt\/#breadcrumb"},"inLanguage":"de","potentialAction":[{"@type":"ReadAction","target":["https:\/\/cfai-bziv.ch\/de\/kontakt\/"]}]},{"@type":"BreadcrumbList","@id":"https:\/\/cfai-bziv.ch\/de\/kontakt\/#breadcrumb","itemListElement":[{"@type":"ListItem","position":1,"name":"Accueil","item":"https:\/\/cfai-bziv.ch\/de\/"},{"@type":"ListItem","position":2,"name":"Kontakt"}]},{"@type":"WebSite","@id":"https:\/\/cfai-bziv.ch\/de\/#website","url":"https:\/\/cfai-bziv.ch\/de\/","name":"Centre de formation AI","description":"CFAI - BZIV","potentialAction":[{"@type":"SearchAction","target":{"@type":"EntryPoint","urlTemplate":"https:\/\/cfai-bziv.ch\/de\/?s={search_term_string}"},"query-input":{"@type":"PropertyValueSpecification","valueRequired":true,"valueName":"search_term_string"}}],"inLanguage":"de"}]}},"_links":{"self":[{"href":"https:\/\/cfai-bziv.ch\/de\/wp-json\/wp\/v2\/pages\/354","targetHints":{"allow":["GET"]}}],"collection":[{"href":"https:\/\/cfai-bziv.ch\/de\/wp-json\/wp\/v2\/pages"}],"about":[{"href":"https:\/\/cfai-bziv.ch\/de\/wp-json\/wp\/v2\/types\/page"}],"author":[{"embeddable":true,"href":"https:\/\/cfai-bziv.ch\/de\/wp-json\/wp\/v2\/users\/2"}],"replies":[{"embeddable":true,"href":"https:\/\/cfai-bziv.ch\/de\/wp-json\/wp\/v2\/comments?post=354"}],"version-history":[{"count":29,"href":"https:\/\/cfai-bziv.ch\/de\/wp-json\/wp\/v2\/pages\/354\/revisions"}],"predecessor-version":[{"id":6280,"href":"https:\/\/cfai-bziv.ch\/de\/wp-json\/wp\/v2\/pages\/354\/revisions\/6280"}],"wp:attachment":[{"href":"https:\/\/cfai-bziv.ch\/de\/wp-json\/wp\/v2\/media?parent=354"}],"curies":[{"name":"wp","href":"https:\/\/api.w.org\/{rel}","templated":true}]}}