{"id":685,"date":"2020-12-15T16:43:06","date_gmt":"2020-12-15T15:43:06","guid":{"rendered":"https:\/\/cfai-bziv.ch\/?page_id=685"},"modified":"2026-04-23T17:06:51","modified_gmt":"2026-04-23T15:06:51","slug":"download","status":"publish","type":"page","link":"https:\/\/cfai-bziv.ch\/de\/download\/","title":{"rendered":"Download"},"content":{"rendered":"<div class=\"wpb-content-wrapper\"><p>[vc_row row_height_percent=&#8220;0&#8243; override_padding=&#8220;yes&#8220; h_padding=&#8220;2&#8243; top_padding=&#8220;3&#8243; bottom_padding=&#8220;3&#8243; back_image=&#8220;56&#8243; back_position=&#8220;right center&#8220; overlay_alpha=&#8220;50&#8243; gutter_size=&#8220;3&#8243; column_width_percent=&#8220;100&#8243; shift_y=&#8220;0&#8243; z_index=&#8220;0&#8243;][vc_column column_width_use_pixel=&#8220;yes&#8220; position_horizontal=&#8220;left&#8220; gutter_size=&#8220;3&#8243; overlay_alpha=&#8220;50&#8243; shift_x=&#8220;0&#8243; shift_y=&#8220;0&#8243; shift_y_down=&#8220;0&#8243; z_index=&#8220;0&#8243; medium_width=&#8220;0&#8243; mobile_width=&#8220;0&#8243; width=&#8220;1\/1&#8243; column_width_pixel=&#8220;1100&#8243;][vc_custom_heading heading_semantic=&#8220;h1&#8243; text_size=&#8220;h1&#8243;]<span class=\"heading-text-highlight \" data-atts='{\"bg\":\"style-color-144008-bg\",\"height\":\"10%\",\"offset\":\"0.1em\",\"opacity\":\"1\",\"animated\":\"yes\"}'>Dokumente<\/span> zum Herunterladen[\/vc_custom_heading][\/vc_column][\/vc_row][vc_row row_height_percent=&#8220;0&#8243; overlay_alpha=&#8220;50&#8243; equal_height=&#8220;yes&#8220; gutter_size=&#8220;3&#8243; column_width_percent=&#8220;100&#8243; shift_y=&#8220;0&#8243; z_index=&#8220;0&#8243;][vc_column column_width_percent=&#8220;100&#8243; gutter_size=&#8220;3&#8243; override_padding=&#8220;yes&#8220; column_padding=&#8220;2&#8243; overlay_alpha=&#8220;50&#8243; radius=&#8220;sm&#8220; shadow=&#8220;std&#8220; shift_x=&#8220;0&#8243; shift_y=&#8220;0&#8243; shift_y_down=&#8220;0&#8243; z_index=&#8220;0&#8243; medium_width=&#8220;0&#8243; mobile_width=&#8220;0&#8243; width=&#8220;1\/3&#8243;][vc_custom_heading heading_semantic=&#8220;h4&#8243; text_size=&#8220;h4&#8243; subheading=&#8220;Hier findet Sie unseren Flyer zu den \u00f6ffentlichen Kursangeboten&#8220;]\u00d6ffentliches Kursangebot &#8211; Flyer[\/vc_custom_heading][vc_button button_color=&#8220;accent&#8220; wide=&#8220;yes&#8220; hover_fx=&#8220;outlined&#8220; outline=&#8220;yes&#8220; border_width=&#8220;0&#8243; scale_mobile=&#8220;no&#8220; icon=&#8220;fa fa-download&#8220; link=&#8220;url:https%3A%2F%2Fcfai-bziv.ch%2Fwp-content%2Fuploads%2F2021%2F11%2FFlyer_A4_web_DE_211115_R.pdf|target:_blank&#8220; button_color_type=&#8220;uncode-palette&#8220; uncode_shortcode_id=&#8220;206597&#8243;]Herunterladen [\/vc_button][\/vc_column][vc_column column_width_percent=&#8220;100&#8243; gutter_size=&#8220;3&#8243; override_padding=&#8220;yes&#8220; column_padding=&#8220;2&#8243; overlay_alpha=&#8220;50&#8243; radius=&#8220;sm&#8220; shadow=&#8220;std&#8220; shift_x=&#8220;0&#8243; shift_y=&#8220;0&#8243; shift_y_down=&#8220;0&#8243; z_index=&#8220;0&#8243; medium_width=&#8220;0&#8243; mobile_width=&#8220;0&#8243; width=&#8220;1\/3&#8243;][vc_custom_heading heading_semantic=&#8220;h4&#8243; text_size=&#8220;h4&#8243; subheading=&#8220;F\u00fcr externe Teilnehmende und firmeninterne Kurse&#8220;]Allgemeine Gesch\u00e4ftsbedingungen[\/vc_custom_heading][vc_button button_color=&#8220;accent&#8220; wide=&#8220;yes&#8220; hover_fx=&#8220;outlined&#8220; outline=&#8220;yes&#8220; border_width=&#8220;0&#8243; scale_mobile=&#8220;no&#8220; icon=&#8220;fa fa-download&#8220; link=&#8220;url:https%3A%2F%2Fcfai-bziv.ch%2Fwp-content%2Fuploads%2F2023%2F09%2F230828_BZIV_AGB_oeffentlKurse_Firmen.pdf|title:AGBs%20externe%20Personen%20und%20firmeninterne%20Kurse|target:_blank&#8220; button_color_type=&#8220;uncode-palette&#8220; uncode_shortcode_id=&#8220;719057&#8243;]Herunterladen[\/vc_button][\/vc_column][vc_column column_width_percent=&#8220;100&#8243; gutter_size=&#8220;3&#8243; override_padding=&#8220;yes&#8220; column_padding=&#8220;2&#8243; overlay_alpha=&#8220;50&#8243; border_color=&#8220;transparent&#8220; shift_x=&#8220;0&#8243; shift_y=&#8220;0&#8243; shift_y_down=&#8220;0&#8243; z_index=&#8220;0&#8243; medium_width=&#8220;0&#8243; mobile_width=&#8220;0&#8243; width=&#8220;1\/3&#8243; uncode_shortcode_id=&#8220;150500&#8243; border_color_type=&#8220;uncode-palette&#8220;][\/vc_column][\/vc_row][vc_row row_height_percent=&#8220;0&#8243; override_padding=&#8220;yes&#8220; h_padding=&#8220;2&#8243; top_padding=&#8220;0&#8243; bottom_padding=&#8220;2&#8243; overlay_alpha=&#8220;50&#8243; equal_height=&#8220;yes&#8220; gutter_size=&#8220;3&#8243; column_width_percent=&#8220;100&#8243; shift_y=&#8220;0&#8243; z_index=&#8220;0&#8243;][vc_column column_width_percent=&#8220;100&#8243; gutter_size=&#8220;3&#8243; override_padding=&#8220;yes&#8220; column_padding=&#8220;2&#8243; overlay_alpha=&#8220;50&#8243; radius=&#8220;sm&#8220; shadow=&#8220;std&#8220; shift_x=&#8220;0&#8243; shift_y=&#8220;0&#8243; shift_y_down=&#8220;0&#8243; z_index=&#8220;0&#8243; medium_width=&#8220;0&#8243; mobile_width=&#8220;0&#8243; width=&#8220;1\/3&#8243;][vc_custom_heading heading_semantic=&#8220;h4&#8243; text_size=&#8220;h4&#8243; subheading=&#8220;Wie vorgehen&#8220;]\u00d6ffentliche Kurse &#8211; Anmeldung[\/vc_custom_heading][vc_button button_color=&#8220;accent&#8220; wide=&#8220;yes&#8220; hover_fx=&#8220;outlined&#8220; outline=&#8220;yes&#8220; border_width=&#8220;0&#8243; scale_mobile=&#8220;no&#8220; icon=&#8220;fa fa-download&#8220; link=&#8220;url:https%3A%2F%2Fcfai-bziv.ch%2Fwp-content%2Fuploads%2F2025%2F01%2FD-LMS-250131_Anmeldung-ganz.pdf|title:PraktHinweise%20Anmeldung%20ext.TN|target:_blank&#8220; button_color_type=&#8220;uncode-palette&#8220; uncode_shortcode_id=&#8220;164321&#8243;]Herunterladen[\/vc_button][\/vc_column][vc_column column_width_percent=&#8220;100&#8243; gutter_size=&#8220;3&#8243; override_padding=&#8220;yes&#8220; column_padding=&#8220;2&#8243; overlay_alpha=&#8220;50&#8243; radius=&#8220;sm&#8220; shadow=&#8220;std&#8220; shift_x=&#8220;0&#8243; shift_y=&#8220;0&#8243; shift_y_down=&#8220;0&#8243; z_index=&#8220;0&#8243; medium_width=&#8220;0&#8243; mobile_width=&#8220;0&#8243; width=&#8220;1\/3&#8243;][vc_custom_heading heading_semantic=&#8220;h4&#8243; text_size=&#8220;h4&#8243; subheading=&#8220;Kriterien und anerkannte Kurse&#8220;]Zertifizierung RAD-Arzt[\/vc_custom_heading][vc_button button_color=&#8220;accent&#8220; wide=&#8220;yes&#8220; hover_fx=&#8220;outlined&#8220; outline=&#8220;yes&#8220; border_width=&#8220;0&#8243; scale_mobile=&#8220;no&#8220; icon=&#8220;fa fa-download&#8220; link=&#8220;url:https%3A%2F%2Fcfai-bziv.ch%2Fwp-content%2Fuploads%2F2026%2F04%2FZertifizierung-RAD-Arzt-Info-externe-D-23.04.2026.pdf|title:Zertifizerung%20RAD-Arzt%202021|target:_blank&#8220; button_color_type=&#8220;uncode-palette&#8220; uncode_shortcode_id=&#8220;206287&#8243;]Herunterladen[\/vc_button][\/vc_column][vc_column width=&#8220;1\/3&#8243;][\/vc_column][\/vc_row][vc_row row_height_percent=&#8220;0&#8243; overlay_alpha=&#8220;50&#8243; gutter_size=&#8220;3&#8243; column_width_percent=&#8220;100&#8243; shift_y=&#8220;0&#8243; z_index=&#8220;0&#8243;][vc_column width=&#8220;1\/1&#8243;][vc_empty_space empty_h=&#8220;2&#8243; medium_visibility=&#8220;yes&#8220; mobile_visibility=&#8220;yes&#8220;][\/vc_column][\/vc_row]<\/p>\n<\/div>","protected":false},"excerpt":{"rendered":"<p>[vc_row row_height_percent=&#8220;0&#8243; override_padding=&#8220;yes&#8220; h_padding=&#8220;2&#8243; top_padding=&#8220;3&#8243; bottom_padding=&#8220;3&#8243; back_image=&#8220;56&#8243; back_position=&#8220;right center&#8220; overlay_alpha=&#8220;50&#8243; gutter_size=&#8220;3&#8243; column_width_percent=&#8220;100&#8243; shift_y=&#8220;0&#8243; z_index=&#8220;0&#8243;][vc_column column_width_use_pixel=&#8220;yes&#8220; position_horizontal=&#8220;left&#8220; gutter_size=&#8220;3&#8243; overlay_alpha=&#8220;50&#8243; shift_x=&#8220;0&#8243; shift_y=&#8220;0&#8243; [&hellip;]<\/p>\n","protected":false},"author":2,"featured_media":0,"parent":0,"menu_order":0,"comment_status":"closed","ping_status":"closed","template":"","meta":{"footnotes":""},"class_list":["post-685","page","type-page","status-publish","hentry","page_category-telechargement-2","page_category-telechargement-de"],"yoast_head":"<!-- This site is optimized with the Yoast SEO plugin v27.5 - https:\/\/yoast.com\/product\/yoast-seo-wordpress\/ -->\n<title>Download Dokumente - Bildungszentrum IV (BZIV)<\/title>\n<meta name=\"description\" content=\"Download: Verschiedene Dokumente k\u00f6nnen herunterladen (Brosch\u00fcre \u00f6ffentliche Kurse, AGB, CAS Case Mangement, Zertifizierung RAD-Arzt, usw.)\" \/>\n<meta name=\"robots\" content=\"index, follow, max-snippet:-1, max-image-preview:large, max-video-preview:-1\" \/>\n<link rel=\"canonical\" href=\"https:\/\/cfai-bziv.ch\/de\/download\/\" \/>\n<meta property=\"og:locale\" content=\"de_DE\" \/>\n<meta property=\"og:type\" content=\"article\" \/>\n<meta property=\"og:title\" content=\"Download Dokumente - Bildungszentrum IV (BZIV)\" \/>\n<meta property=\"og:description\" content=\"Download: Verschiedene Dokumente k\u00f6nnen herunterladen (Brosch\u00fcre \u00f6ffentliche Kurse, AGB, CAS Case Mangement, Zertifizierung RAD-Arzt, usw.)\" \/>\n<meta property=\"og:url\" content=\"https:\/\/cfai-bziv.ch\/de\/download\/\" \/>\n<meta property=\"og:site_name\" content=\"Centre de formation AI\" \/>\n<meta property=\"article:modified_time\" content=\"2026-04-23T15:06:51+00:00\" \/>\n<meta name=\"twitter:card\" content=\"summary_large_image\" \/>\n<meta name=\"twitter:label1\" content=\"Gesch\u00e4tzte Lesezeit\" \/>\n\t<meta name=\"twitter:data1\" content=\"2\u00a0Minuten\" \/>\n<script type=\"application\/ld+json\" class=\"yoast-schema-graph\">{\"@context\":\"https:\\\/\\\/schema.org\",\"@graph\":[{\"@type\":\"WebPage\",\"@id\":\"https:\\\/\\\/cfai-bziv.ch\\\/de\\\/download\\\/\",\"url\":\"https:\\\/\\\/cfai-bziv.ch\\\/de\\\/download\\\/\",\"name\":\"Download Dokumente - Bildungszentrum IV (BZIV)\",\"isPartOf\":{\"@id\":\"https:\\\/\\\/cfai-bziv.ch\\\/de\\\/#website\"},\"datePublished\":\"2020-12-15T15:43:06+00:00\",\"dateModified\":\"2026-04-23T15:06:51+00:00\",\"description\":\"Download: Verschiedene Dokumente k\u00f6nnen herunterladen (Brosch\u00fcre \u00f6ffentliche Kurse, AGB, CAS Case Mangement, Zertifizierung RAD-Arzt, usw.)\",\"breadcrumb\":{\"@id\":\"https:\\\/\\\/cfai-bziv.ch\\\/de\\\/download\\\/#breadcrumb\"},\"inLanguage\":\"de\",\"potentialAction\":[{\"@type\":\"ReadAction\",\"target\":[\"https:\\\/\\\/cfai-bziv.ch\\\/de\\\/download\\\/\"]}]},{\"@type\":\"BreadcrumbList\",\"@id\":\"https:\\\/\\\/cfai-bziv.ch\\\/de\\\/download\\\/#breadcrumb\",\"itemListElement\":[{\"@type\":\"ListItem\",\"position\":1,\"name\":\"Accueil\",\"item\":\"https:\\\/\\\/cfai-bziv.ch\\\/de\\\/\"},{\"@type\":\"ListItem\",\"position\":2,\"name\":\"Download\"}]},{\"@type\":\"WebSite\",\"@id\":\"https:\\\/\\\/cfai-bziv.ch\\\/de\\\/#website\",\"url\":\"https:\\\/\\\/cfai-bziv.ch\\\/de\\\/\",\"name\":\"Centre de formation AI\",\"description\":\"CFAI - BZIV\",\"potentialAction\":[{\"@type\":\"SearchAction\",\"target\":{\"@type\":\"EntryPoint\",\"urlTemplate\":\"https:\\\/\\\/cfai-bziv.ch\\\/de\\\/?s={search_term_string}\"},\"query-input\":{\"@type\":\"PropertyValueSpecification\",\"valueRequired\":true,\"valueName\":\"search_term_string\"}}],\"inLanguage\":\"de\"}]}<\/script>\n<!-- \/ Yoast SEO plugin. -->","yoast_head_json":{"title":"Download Dokumente - Bildungszentrum IV (BZIV)","description":"Download: Verschiedene Dokumente k\u00f6nnen herunterladen (Brosch\u00fcre \u00f6ffentliche Kurse, AGB, CAS Case Mangement, Zertifizierung RAD-Arzt, usw.)","robots":{"index":"index","follow":"follow","max-snippet":"max-snippet:-1","max-image-preview":"max-image-preview:large","max-video-preview":"max-video-preview:-1"},"canonical":"https:\/\/cfai-bziv.ch\/de\/download\/","og_locale":"de_DE","og_type":"article","og_title":"Download Dokumente - Bildungszentrum IV (BZIV)","og_description":"Download: Verschiedene Dokumente k\u00f6nnen herunterladen (Brosch\u00fcre \u00f6ffentliche Kurse, AGB, CAS Case Mangement, Zertifizierung RAD-Arzt, usw.)","og_url":"https:\/\/cfai-bziv.ch\/de\/download\/","og_site_name":"Centre de formation AI","article_modified_time":"2026-04-23T15:06:51+00:00","twitter_card":"summary_large_image","twitter_misc":{"Gesch\u00e4tzte Lesezeit":"2\u00a0Minuten"},"schema":{"@context":"https:\/\/schema.org","@graph":[{"@type":"WebPage","@id":"https:\/\/cfai-bziv.ch\/de\/download\/","url":"https:\/\/cfai-bziv.ch\/de\/download\/","name":"Download Dokumente - Bildungszentrum IV (BZIV)","isPartOf":{"@id":"https:\/\/cfai-bziv.ch\/de\/#website"},"datePublished":"2020-12-15T15:43:06+00:00","dateModified":"2026-04-23T15:06:51+00:00","description":"Download: Verschiedene Dokumente k\u00f6nnen herunterladen (Brosch\u00fcre \u00f6ffentliche Kurse, AGB, CAS Case Mangement, Zertifizierung RAD-Arzt, usw.)","breadcrumb":{"@id":"https:\/\/cfai-bziv.ch\/de\/download\/#breadcrumb"},"inLanguage":"de","potentialAction":[{"@type":"ReadAction","target":["https:\/\/cfai-bziv.ch\/de\/download\/"]}]},{"@type":"BreadcrumbList","@id":"https:\/\/cfai-bziv.ch\/de\/download\/#breadcrumb","itemListElement":[{"@type":"ListItem","position":1,"name":"Accueil","item":"https:\/\/cfai-bziv.ch\/de\/"},{"@type":"ListItem","position":2,"name":"Download"}]},{"@type":"WebSite","@id":"https:\/\/cfai-bziv.ch\/de\/#website","url":"https:\/\/cfai-bziv.ch\/de\/","name":"Centre de formation AI","description":"CFAI - BZIV","potentialAction":[{"@type":"SearchAction","target":{"@type":"EntryPoint","urlTemplate":"https:\/\/cfai-bziv.ch\/de\/?s={search_term_string}"},"query-input":{"@type":"PropertyValueSpecification","valueRequired":true,"valueName":"search_term_string"}}],"inLanguage":"de"}]}},"_links":{"self":[{"href":"https:\/\/cfai-bziv.ch\/de\/wp-json\/wp\/v2\/pages\/685","targetHints":{"allow":["GET"]}}],"collection":[{"href":"https:\/\/cfai-bziv.ch\/de\/wp-json\/wp\/v2\/pages"}],"about":[{"href":"https:\/\/cfai-bziv.ch\/de\/wp-json\/wp\/v2\/types\/page"}],"author":[{"embeddable":true,"href":"https:\/\/cfai-bziv.ch\/de\/wp-json\/wp\/v2\/users\/2"}],"replies":[{"embeddable":true,"href":"https:\/\/cfai-bziv.ch\/de\/wp-json\/wp\/v2\/comments?post=685"}],"version-history":[{"count":94,"href":"https:\/\/cfai-bziv.ch\/de\/wp-json\/wp\/v2\/pages\/685\/revisions"}],"predecessor-version":[{"id":7026,"href":"https:\/\/cfai-bziv.ch\/de\/wp-json\/wp\/v2\/pages\/685\/revisions\/7026"}],"wp:attachment":[{"href":"https:\/\/cfai-bziv.ch\/de\/wp-json\/wp\/v2\/media?parent=685"}],"curies":[{"name":"wp","href":"https:\/\/api.w.org\/{rel}","templated":true}]}}