{"id":714,"date":"2020-12-14T15:42:27","date_gmt":"2020-12-14T14:42:27","guid":{"rendered":"https:\/\/cfai-bziv.ch\/conditions-generales-externes\/"},"modified":"2023-09-01T16:46:59","modified_gmt":"2023-09-01T14:46:59","slug":"externe-bedingungen-und-konditionen","status":"publish","type":"page","link":"https:\/\/cfai-bziv.ch\/de\/externe-bedingungen-und-konditionen\/","title":{"rendered":"Allgemeine Gesch\u00e4ftsbedingungen extern"},"content":{"rendered":"<div class=\"wpb-content-wrapper\"><p>[vc_row row_height_percent=&#8220;0&#8243; overlay_alpha=&#8220;50&#8243; gutter_size=&#8220;3&#8243; column_width_percent=&#8220;100&#8243; shift_y=&#8220;0&#8243; z_index=&#8220;0&#8243;][vc_column width=&#8220;1\/2&#8243;][vc_column_text]Allgemeine Gesch\u00e4ftsbedingungen f\u00fcr externe Teilnehmende und Firmen<\/p>\n<p>\u00d6ffentliche Kurse und firmeninterne Kurse[\/vc_column_text][vc_button border_width=&#8220;0&#8243; link=&#8220;url:https%3A%2F%2Fcfai-bziv.ch%2Fwp-content%2Fuploads%2F2023%2F09%2F230828_BZIV_AGB_oeffentlKurse_Firmen.pdf|title:BZIV_AGB_oeffentlichKurse_Firmen_29.03.2023|target:_blank&#8220; uncode_shortcode_id=&#8220;154365&#8243;]Ansicht &amp; Herunterladen [\/vc_button][\/vc_column][vc_column column_width_percent=&#8220;100&#8243; gutter_size=&#8220;2&#8243; override_padding=&#8220;yes&#8220; column_padding=&#8220;2&#8243; overlay_alpha=&#8220;50&#8243; border_color=&#8220;accent&#8220; border_style=&#8220;dotted&#8220; shift_x=&#8220;0&#8243; shift_y=&#8220;0&#8243; shift_y_down=&#8220;0&#8243; z_index=&#8220;0&#8243; medium_width=&#8220;0&#8243; mobile_width=&#8220;0&#8243; radius=&#8220;sm&#8220; shadow=&#8220;std&#8220; width=&#8220;1\/2&#8243; css=&#8220;.vc_custom_1619444615500{border-left-width: 500px !important;}&#8220;][vc_single_image media=&#8220;4964&#8243; media_width_percent=&#8220;100&#8243; media_link=&#8220;target:_blank&#8220; uncode_shortcode_id=&#8220;167748&#8243;][\/vc_column][\/vc_row]<\/p>\n<\/div>","protected":false},"excerpt":{"rendered":"<p>[vc_row row_height_percent=&#8220;0&#8243; overlay_alpha=&#8220;50&#8243; gutter_size=&#8220;3&#8243; column_width_percent=&#8220;100&#8243; shift_y=&#8220;0&#8243; z_index=&#8220;0&#8243;][vc_column width=&#8220;1\/2&#8243;][vc_column_text]Allgemeine Gesch\u00e4ftsbedingungen f\u00fcr externe Teilnehmende und Firmen \u00d6ffentliche Kurse und firmeninterne Kurse[\/vc_column_text][vc_button border_width=&#8220;0&#8243; [&hellip;]<\/p>\n","protected":false},"author":2,"featured_media":0,"parent":0,"menu_order":0,"comment_status":"closed","ping_status":"closed","template":"","meta":{"footnotes":""},"class_list":["post-714","page","type-page","status-publish","hentry","page_category-condtion_generales"],"yoast_head":"<!-- This site is optimized with the Yoast SEO plugin v27.4 - https:\/\/yoast.com\/product\/yoast-seo-wordpress\/ -->\n<title>Allgemeine Gesch\u00e4ftsbedingungen extern - Centre de formation AI<\/title>\n<meta name=\"robots\" content=\"index, follow, max-snippet:-1, max-image-preview:large, max-video-preview:-1\" \/>\n<link rel=\"canonical\" href=\"https:\/\/cfai-bziv.ch\/de\/externe-bedingungen-und-konditionen\/\" \/>\n<meta property=\"og:locale\" content=\"de_DE\" \/>\n<meta property=\"og:type\" content=\"article\" \/>\n<meta property=\"og:title\" content=\"Allgemeine Gesch\u00e4ftsbedingungen extern - Centre de formation AI\" \/>\n<meta property=\"og:description\" content=\"[vc_row row_height_percent=&#8220;0&#8243; overlay_alpha=&#8220;50&#8243; gutter_size=&#8220;3&#8243; column_width_percent=&#8220;100&#8243; shift_y=&#8220;0&#8243; z_index=&#8220;0&#8243;][vc_column width=&#8220;1\/2&#8243;][vc_column_text]Allgemeine Gesch\u00e4ftsbedingungen f\u00fcr externe Teilnehmende und Firmen \u00d6ffentliche Kurse und firmeninterne Kurse[\/vc_column_text][vc_button border_width=&#8220;0&#8243; [&hellip;]\" \/>\n<meta property=\"og:url\" content=\"https:\/\/cfai-bziv.ch\/de\/externe-bedingungen-und-konditionen\/\" \/>\n<meta property=\"og:site_name\" content=\"Centre de formation AI\" \/>\n<meta property=\"article:modified_time\" content=\"2023-09-01T14:46:59+00:00\" \/>\n<meta name=\"twitter:card\" content=\"summary_large_image\" \/>\n<meta name=\"twitter:label1\" content=\"Gesch\u00e4tzte Lesezeit\" \/>\n\t<meta name=\"twitter:data1\" content=\"1\u00a0Minute\" \/>\n<script type=\"application\/ld+json\" class=\"yoast-schema-graph\">{\"@context\":\"https:\\\/\\\/schema.org\",\"@graph\":[{\"@type\":\"WebPage\",\"@id\":\"https:\\\/\\\/cfai-bziv.ch\\\/de\\\/externe-bedingungen-und-konditionen\\\/\",\"url\":\"https:\\\/\\\/cfai-bziv.ch\\\/de\\\/externe-bedingungen-und-konditionen\\\/\",\"name\":\"Allgemeine Gesch\u00e4ftsbedingungen extern - Centre de formation AI\",\"isPartOf\":{\"@id\":\"https:\\\/\\\/cfai-bziv.ch\\\/de\\\/#website\"},\"datePublished\":\"2020-12-14T14:42:27+00:00\",\"dateModified\":\"2023-09-01T14:46:59+00:00\",\"breadcrumb\":{\"@id\":\"https:\\\/\\\/cfai-bziv.ch\\\/de\\\/externe-bedingungen-und-konditionen\\\/#breadcrumb\"},\"inLanguage\":\"de\",\"potentialAction\":[{\"@type\":\"ReadAction\",\"target\":[\"https:\\\/\\\/cfai-bziv.ch\\\/de\\\/externe-bedingungen-und-konditionen\\\/\"]}]},{\"@type\":\"BreadcrumbList\",\"@id\":\"https:\\\/\\\/cfai-bziv.ch\\\/de\\\/externe-bedingungen-und-konditionen\\\/#breadcrumb\",\"itemListElement\":[{\"@type\":\"ListItem\",\"position\":1,\"name\":\"Accueil\",\"item\":\"https:\\\/\\\/cfai-bziv.ch\\\/de\\\/\"},{\"@type\":\"ListItem\",\"position\":2,\"name\":\"Allgemeine Gesch\u00e4ftsbedingungen extern\"}]},{\"@type\":\"WebSite\",\"@id\":\"https:\\\/\\\/cfai-bziv.ch\\\/de\\\/#website\",\"url\":\"https:\\\/\\\/cfai-bziv.ch\\\/de\\\/\",\"name\":\"Centre de formation AI\",\"description\":\"CFAI - BZIV\",\"potentialAction\":[{\"@type\":\"SearchAction\",\"target\":{\"@type\":\"EntryPoint\",\"urlTemplate\":\"https:\\\/\\\/cfai-bziv.ch\\\/de\\\/?s={search_term_string}\"},\"query-input\":{\"@type\":\"PropertyValueSpecification\",\"valueRequired\":true,\"valueName\":\"search_term_string\"}}],\"inLanguage\":\"de\"}]}<\/script>\n<!-- \/ Yoast SEO plugin. -->","yoast_head_json":{"title":"Allgemeine Gesch\u00e4ftsbedingungen extern - Centre de formation AI","robots":{"index":"index","follow":"follow","max-snippet":"max-snippet:-1","max-image-preview":"max-image-preview:large","max-video-preview":"max-video-preview:-1"},"canonical":"https:\/\/cfai-bziv.ch\/de\/externe-bedingungen-und-konditionen\/","og_locale":"de_DE","og_type":"article","og_title":"Allgemeine Gesch\u00e4ftsbedingungen extern - Centre de formation AI","og_description":"[vc_row row_height_percent=&#8220;0&#8243; overlay_alpha=&#8220;50&#8243; gutter_size=&#8220;3&#8243; column_width_percent=&#8220;100&#8243; shift_y=&#8220;0&#8243; z_index=&#8220;0&#8243;][vc_column width=&#8220;1\/2&#8243;][vc_column_text]Allgemeine Gesch\u00e4ftsbedingungen f\u00fcr externe Teilnehmende und Firmen \u00d6ffentliche Kurse und firmeninterne Kurse[\/vc_column_text][vc_button border_width=&#8220;0&#8243; [&hellip;]","og_url":"https:\/\/cfai-bziv.ch\/de\/externe-bedingungen-und-konditionen\/","og_site_name":"Centre de formation AI","article_modified_time":"2023-09-01T14:46:59+00:00","twitter_card":"summary_large_image","twitter_misc":{"Gesch\u00e4tzte Lesezeit":"1\u00a0Minute"},"schema":{"@context":"https:\/\/schema.org","@graph":[{"@type":"WebPage","@id":"https:\/\/cfai-bziv.ch\/de\/externe-bedingungen-und-konditionen\/","url":"https:\/\/cfai-bziv.ch\/de\/externe-bedingungen-und-konditionen\/","name":"Allgemeine Gesch\u00e4ftsbedingungen extern - Centre de formation AI","isPartOf":{"@id":"https:\/\/cfai-bziv.ch\/de\/#website"},"datePublished":"2020-12-14T14:42:27+00:00","dateModified":"2023-09-01T14:46:59+00:00","breadcrumb":{"@id":"https:\/\/cfai-bziv.ch\/de\/externe-bedingungen-und-konditionen\/#breadcrumb"},"inLanguage":"de","potentialAction":[{"@type":"ReadAction","target":["https:\/\/cfai-bziv.ch\/de\/externe-bedingungen-und-konditionen\/"]}]},{"@type":"BreadcrumbList","@id":"https:\/\/cfai-bziv.ch\/de\/externe-bedingungen-und-konditionen\/#breadcrumb","itemListElement":[{"@type":"ListItem","position":1,"name":"Accueil","item":"https:\/\/cfai-bziv.ch\/de\/"},{"@type":"ListItem","position":2,"name":"Allgemeine Gesch\u00e4ftsbedingungen extern"}]},{"@type":"WebSite","@id":"https:\/\/cfai-bziv.ch\/de\/#website","url":"https:\/\/cfai-bziv.ch\/de\/","name":"Centre de formation AI","description":"CFAI - BZIV","potentialAction":[{"@type":"SearchAction","target":{"@type":"EntryPoint","urlTemplate":"https:\/\/cfai-bziv.ch\/de\/?s={search_term_string}"},"query-input":{"@type":"PropertyValueSpecification","valueRequired":true,"valueName":"search_term_string"}}],"inLanguage":"de"}]}},"_links":{"self":[{"href":"https:\/\/cfai-bziv.ch\/de\/wp-json\/wp\/v2\/pages\/714","targetHints":{"allow":["GET"]}}],"collection":[{"href":"https:\/\/cfai-bziv.ch\/de\/wp-json\/wp\/v2\/pages"}],"about":[{"href":"https:\/\/cfai-bziv.ch\/de\/wp-json\/wp\/v2\/types\/page"}],"author":[{"embeddable":true,"href":"https:\/\/cfai-bziv.ch\/de\/wp-json\/wp\/v2\/users\/2"}],"replies":[{"embeddable":true,"href":"https:\/\/cfai-bziv.ch\/de\/wp-json\/wp\/v2\/comments?post=714"}],"version-history":[{"count":25,"href":"https:\/\/cfai-bziv.ch\/de\/wp-json\/wp\/v2\/pages\/714\/revisions"}],"predecessor-version":[{"id":4993,"href":"https:\/\/cfai-bziv.ch\/de\/wp-json\/wp\/v2\/pages\/714\/revisions\/4993"}],"wp:attachment":[{"href":"https:\/\/cfai-bziv.ch\/de\/wp-json\/wp\/v2\/media?parent=714"}],"curies":[{"name":"wp","href":"https:\/\/api.w.org\/{rel}","templated":true}]}}